{"id":1344,"date":"2015-07-28T12:22:40","date_gmt":"2015-07-28T11:22:40","guid":{"rendered":"https:\/\/www.caffrenchwing.fr\/?page_id=1344"},"modified":"2021-08-31T21:41:00","modified_gmt":"2021-08-31T20:41:00","slug":"newsletters","status":"publish","type":"page","link":"https:\/\/www.caffrenchwing.fr\/en\/members-area\/newsletters\/","title":{"rendered":"Newsletters"},"content":{"rendered":"<div class=\"members-access-error\">\n<p class=\"restricted\">Ce contenu est r\u00e9serv\u00e9 aux membres du French Wing. Veuillez vous connecter pour y acc\u00e9der.<\/p>\n<p class=\"restricted\">This content is for members only. Please login to access the full content.<\/p>\n<\/div>\n","protected":false},"excerpt":{"rendered":"<div class=\"members-access-error\">\n<p class=\"restricted\">Ce contenu est r\u00e9serv\u00e9 aux membres du French Wing. Veuillez vous connecter pour y acc\u00e9der.<\/p>\n<p class=\"restricted\">This content is for members only. Please login to access the full content.<\/p>\n<\/div>\n","protected":false},"author":7,"featured_media":0,"parent":1341,"menu_order":0,"comment_status":"closed","ping_status":"closed","template":"","meta":{"footnotes":""},"class_list":["post-1344","page","type-page","status-publish","hentry"],"jetpack_shortlink":"https:\/\/wp.me\/P2NZ1W-lG","jetpack_sharing_enabled":true,"_links":{"self":[{"href":"https:\/\/www.caffrenchwing.fr\/en\/wp-json\/wp\/v2\/pages\/1344","targetHints":{"allow":["GET"]}}],"collection":[{"href":"https:\/\/www.caffrenchwing.fr\/en\/wp-json\/wp\/v2\/pages"}],"about":[{"href":"https:\/\/www.caffrenchwing.fr\/en\/wp-json\/wp\/v2\/types\/page"}],"author":[{"embeddable":true,"href":"https:\/\/www.caffrenchwing.fr\/en\/wp-json\/wp\/v2\/users\/7"}],"replies":[{"embeddable":true,"href":"https:\/\/www.caffrenchwing.fr\/en\/wp-json\/wp\/v2\/comments?post=1344"}],"version-history":[{"count":25,"href":"https:\/\/www.caffrenchwing.fr\/en\/wp-json\/wp\/v2\/pages\/1344\/revisions"}],"predecessor-version":[{"id":6357,"href":"https:\/\/www.caffrenchwing.fr\/en\/wp-json\/wp\/v2\/pages\/1344\/revisions\/6357"}],"up":[{"embeddable":true,"href":"https:\/\/www.caffrenchwing.fr\/en\/wp-json\/wp\/v2\/pages\/1341"}],"wp:attachment":[{"href":"https:\/\/www.caffrenchwing.fr\/en\/wp-json\/wp\/v2\/media?parent=1344"}],"curies":[{"name":"wp","href":"https:\/\/api.w.org\/{rel}","templated":true}]}}