{"id":1346,"date":"2012-10-11T16:28:52","date_gmt":"2012-10-11T14:28:52","guid":{"rendered":"https:\/\/www.caffrenchwing.fr\/?page_id=1346"},"modified":"2024-05-09T10:11:15","modified_gmt":"2024-05-09T09:11:15","slug":"annuaire-des-membres","status":"publish","type":"page","link":"https:\/\/www.caffrenchwing.fr\/en\/members-area\/annuaire-des-membres\/","title":{"rendered":"Phonebook"},"content":{"rendered":"<div class=\"members-access-error\">\n<p class=\"restricted\">Ce contenu est r\u00e9serv\u00e9 aux membres du French Wing. Veuillez vous connecter pour y acc\u00e9der.<\/p>\n<p class=\"restricted\">This content is for members only. Please login to access the full content.<\/p>\n<\/div>\n","protected":false},"excerpt":{"rendered":"<div class=\"members-access-error\">\n<p class=\"restricted\">Ce contenu est r\u00e9serv\u00e9 aux membres du French Wing. Veuillez vous connecter pour y acc\u00e9der.<\/p>\n<p class=\"restricted\">This content is for members only. Please login to access the full content.<\/p>\n<\/div>\n","protected":false},"author":7,"featured_media":0,"parent":1341,"menu_order":0,"comment_status":"closed","ping_status":"closed","template":"","meta":{"footnotes":""},"class_list":["post-1346","page","type-page","status-publish","hentry"],"jetpack_shortlink":"https:\/\/wp.me\/P2NZ1W-lI","jetpack_sharing_enabled":true,"_links":{"self":[{"href":"https:\/\/www.caffrenchwing.fr\/en\/wp-json\/wp\/v2\/pages\/1346","targetHints":{"allow":["GET"]}}],"collection":[{"href":"https:\/\/www.caffrenchwing.fr\/en\/wp-json\/wp\/v2\/pages"}],"about":[{"href":"https:\/\/www.caffrenchwing.fr\/en\/wp-json\/wp\/v2\/types\/page"}],"author":[{"embeddable":true,"href":"https:\/\/www.caffrenchwing.fr\/en\/wp-json\/wp\/v2\/users\/7"}],"replies":[{"embeddable":true,"href":"https:\/\/www.caffrenchwing.fr\/en\/wp-json\/wp\/v2\/comments?post=1346"}],"version-history":[{"count":70,"href":"https:\/\/www.caffrenchwing.fr\/en\/wp-json\/wp\/v2\/pages\/1346\/revisions"}],"predecessor-version":[{"id":10041,"href":"https:\/\/www.caffrenchwing.fr\/en\/wp-json\/wp\/v2\/pages\/1346\/revisions\/10041"}],"up":[{"embeddable":true,"href":"https:\/\/www.caffrenchwing.fr\/en\/wp-json\/wp\/v2\/pages\/1341"}],"wp:attachment":[{"href":"https:\/\/www.caffrenchwing.fr\/en\/wp-json\/wp\/v2\/media?parent=1346"}],"curies":[{"name":"wp","href":"https:\/\/api.w.org\/{rel}","templated":true}]}}