{"id":1390,"date":"2013-12-08T19:59:17","date_gmt":"2013-12-08T17:59:17","guid":{"rendered":"https:\/\/www.caffrenchwing.fr\/?page_id=1390"},"modified":"2021-08-31T21:24:18","modified_gmt":"2021-08-31T20:24:18","slug":"airshow-newsletter","status":"publish","type":"page","link":"https:\/\/www.caffrenchwing.fr\/en\/airshow-newsletter\/","title":{"rendered":"Airshow Newsletter"},"content":{"rendered":"<div class=\"members-access-error\">\n<p class=\"restricted\">Ce contenu est r\u00e9serv\u00e9 aux membres du French Wing. Veuillez vous connecter pour y acc\u00e9der.<\/p>\n<p class=\"restricted\">This content is for members only. Please login to access the full content.<\/p>\n<\/div>\n","protected":false},"excerpt":{"rendered":"<div class=\"members-access-error\">\n<p class=\"restricted\">Ce contenu est r\u00e9serv\u00e9 aux membres du French Wing. Veuillez vous connecter pour y acc\u00e9der.<\/p>\n<p class=\"restricted\">This content is for members only. Please login to access the full content.<\/p>\n<\/div>\n","protected":false},"author":7,"featured_media":0,"parent":0,"menu_order":0,"comment_status":"closed","ping_status":"closed","template":"","meta":{"footnotes":""},"class_list":["post-1390","page","type-page","status-publish","hentry"],"jetpack_shortlink":"https:\/\/wp.me\/P2NZ1W-mq","jetpack_sharing_enabled":false,"_links":{"self":[{"href":"https:\/\/www.caffrenchwing.fr\/en\/wp-json\/wp\/v2\/pages\/1390","targetHints":{"allow":["GET"]}}],"collection":[{"href":"https:\/\/www.caffrenchwing.fr\/en\/wp-json\/wp\/v2\/pages"}],"about":[{"href":"https:\/\/www.caffrenchwing.fr\/en\/wp-json\/wp\/v2\/types\/page"}],"author":[{"embeddable":true,"href":"https:\/\/www.caffrenchwing.fr\/en\/wp-json\/wp\/v2\/users\/7"}],"replies":[{"embeddable":true,"href":"https:\/\/www.caffrenchwing.fr\/en\/wp-json\/wp\/v2\/comments?post=1390"}],"version-history":[{"count":9,"href":"https:\/\/www.caffrenchwing.fr\/en\/wp-json\/wp\/v2\/pages\/1390\/revisions"}],"predecessor-version":[{"id":6341,"href":"https:\/\/www.caffrenchwing.fr\/en\/wp-json\/wp\/v2\/pages\/1390\/revisions\/6341"}],"wp:attachment":[{"href":"https:\/\/www.caffrenchwing.fr\/en\/wp-json\/wp\/v2\/media?parent=1390"}],"curies":[{"name":"wp","href":"https:\/\/api.w.org\/{rel}","templated":true}]}}