{"id":2935,"date":"2016-11-10T16:24:39","date_gmt":"2016-11-10T15:24:39","guid":{"rendered":"https:\/\/www.caffrenchwing.fr\/?page_id=2935"},"modified":"2016-11-12T22:36:15","modified_gmt":"2016-11-12T21:36:15","slug":"px-2","status":"publish","type":"page","link":"https:\/\/www.caffrenchwing.fr\/en\/px-2\/","title":{"rendered":"PX"},"content":{"rendered":"<h2>\"Le r\u00eave de Lloyd Nolen\" by Roger Robert<\/h2>\n<p>Roger Robert's book tells the story of the CAF, with the men who made it famous (including founder lloyd Nolen), its units (including the French Wing),\u00a0 detailing the units' histories and aircraft as well as their most famous members such as James Doolittle, George Bush Sr, \"Chuck\" Yeager, Paul Tibbets, \"Pappy\" Boyington, Alan Shepard, James Steward, and more.<\/p>\n<p>The dimensions are 21\u00d729,7 cm with 120 pages (115 gsm paper, 300 gsm cover, softbound).<\/p>\n<p>You can order this book by using PayPal or credit card using the button below, or by check with this <a href=\"https:\/\/www.caffrenchwing.fr\/wp-content\/uploads\/2016\/11\/Bon-de-commande-Livre-Le-r\u00eave-de-Lloyd-Nolen-de-Roger-Robert.pdf\" target=\"_blank\"><strong>order form<\/strong><\/a>.<\/p>\n<div style=\"text-align:center;\">\n<div style=\"text-align: center;border: 3px dotted grey;padding: 10px;display: inline-block;\"><a href=\"https:\/\/www.caffrenchwing.fr\/wp-content\/uploads\/2016\/03\/couv_bouquin.jpg\"><img loading=\"lazy\" decoding=\"async\" class=\"aligncenter size-medium wp-image-1981\" src=\"https:\/\/www.caffrenchwing.fr\/wp-content\/uploads\/2016\/03\/couv_bouquin-213x300.jpg\" alt=\"couv_bouquin\" width=\"213\" height=\"300\" srcset=\"https:\/\/www.caffrenchwing.fr\/wp-content\/uploads\/2016\/03\/couv_bouquin-213x300.jpg 213w, https:\/\/www.caffrenchwing.fr\/wp-content\/uploads\/2016\/03\/couv_bouquin-728x1024.jpg 728w, https:\/\/www.caffrenchwing.fr\/wp-content\/uploads\/2016\/03\/couv_bouquin-107x150.jpg 107w, https:\/\/www.caffrenchwing.fr\/wp-content\/uploads\/2016\/03\/couv_bouquin-768x1080.jpg 768w, https:\/\/www.caffrenchwing.fr\/wp-content\/uploads\/2016\/03\/couv_bouquin-1092x1536.jpg 1092w, https:\/\/www.caffrenchwing.fr\/wp-content\/uploads\/2016\/03\/couv_bouquin.jpg 1456w\" sizes=\"auto, (max-width: 213px) 100vw, 213px\" \/><\/a><\/p>\n<form action=\"https:\/\/www.paypal.com\/cgi-bin\/webscr\" method=\"post\" target=\"_top\"><input name=\"cmd\" type=\"hidden\" value=\"_s-xclick\" \/> <input name=\"hosted_button_id\" type=\"hidden\" value=\"64D8ZCYE9NABQ\" \/> <input alt=\"PayPal, le r\u00e9flexe s\u00e9curit\u00e9 pour payer en ligne\" name=\"submit\" src=\"https:\/\/www.paypalobjects.com\/fr_FR\/FR\/i\/btn\/btn_buynowCC_LG.gif\" type=\"image\" \/> <img loading=\"lazy\" decoding=\"async\" src=\"https:\/\/www.paypalobjects.com\/fr_FR\/i\/scr\/pixel.gif\" alt=\"\" width=\"1\" height=\"1\" border=\"0\" \/><\/form>\n<\/div>\n<\/div>\n","protected":false},"excerpt":{"rendered":"<p>\"Le r\u00eave de Lloyd Nolen\" by Roger Robert Roger Robert's book tells the story of the CAF, with the men who made it famous (including founder lloyd Nolen), its units (including the French Wing),\u00a0 detailing the units' histories and aircraft as well as their most famous members such as James Doolittle, George Bush Sr, \"Chuck\" [&hellip;]<\/p>\n","protected":false},"author":7,"featured_media":0,"parent":0,"menu_order":0,"comment_status":"closed","ping_status":"closed","template":"","meta":{"footnotes":""},"class_list":["post-2935","page","type-page","status-publish","hentry"],"jetpack_shortlink":"https:\/\/wp.me\/P2NZ1W-Ll","jetpack_sharing_enabled":true,"_links":{"self":[{"href":"https:\/\/www.caffrenchwing.fr\/en\/wp-json\/wp\/v2\/pages\/2935","targetHints":{"allow":["GET"]}}],"collection":[{"href":"https:\/\/www.caffrenchwing.fr\/en\/wp-json\/wp\/v2\/pages"}],"about":[{"href":"https:\/\/www.caffrenchwing.fr\/en\/wp-json\/wp\/v2\/types\/page"}],"author":[{"embeddable":true,"href":"https:\/\/www.caffrenchwing.fr\/en\/wp-json\/wp\/v2\/users\/7"}],"replies":[{"embeddable":true,"href":"https:\/\/www.caffrenchwing.fr\/en\/wp-json\/wp\/v2\/comments?post=2935"}],"version-history":[{"count":4,"href":"https:\/\/www.caffrenchwing.fr\/en\/wp-json\/wp\/v2\/pages\/2935\/revisions"}],"predecessor-version":[{"id":2946,"href":"https:\/\/www.caffrenchwing.fr\/en\/wp-json\/wp\/v2\/pages\/2935\/revisions\/2946"}],"wp:attachment":[{"href":"https:\/\/www.caffrenchwing.fr\/en\/wp-json\/wp\/v2\/media?parent=2935"}],"curies":[{"name":"wp","href":"https:\/\/api.w.org\/{rel}","templated":true}]}}